{"id":4296,"date":"2024-06-13T23:30:35","date_gmt":"2024-06-13T21:30:35","guid":{"rendered":"https:\/\/bananabread.it\/web\/?page_id=4296"},"modified":"2024-06-13T23:30:36","modified_gmt":"2024-06-13T21:30:36","slug":"cookie-policy","status":"publish","type":"page","link":"https:\/\/bananabread.it\/web\/cookie-policy\/","title":{"rendered":"Cookie Policy"},"content":{"rendered":"\n<h2 class=\"wp-block-heading\">Cookie policy<\/h2>\n\n\n\n<p><strong>Per rendere il nostro sito pi\u00f9 facile ed intuitivo facciamo uso dei cookie.<\/strong><br>Guendalina Moras, P.IVA 02926890308 (di seguito, \u201c<strong>Titolare<\/strong>\u201d), proprietario del sito internet https:\/\/www.bananabread.it \u2013 di seguito, il \u201c<strong>Sito<\/strong>\u201d, in qualit\u00e0 di\u00a0<strong>titolare del trattamento<\/strong>\u00a0<strong>dei dati personali<\/strong>\u00a0degli utenti che navigano e che sono iscritti al Sito (di seguito, gli \u201c<strong>Utenti<\/strong>\u201d) fornisce qui di seguito l\u2019informativa privacy ai sensi dell\u2019art. 13 del Regolamento UE 2016\/679 del 27 aprile 2016 (di seguito, \u201cRegolamento\u201d, il Regolamento e il Codice Privacy DL 196\/2003 ove applicabile sono insieme definiti \u201cNormativa Applicabile\u201d)<\/p>\n\n\n\n<p><strong>Cosa sono i cookie<\/strong><br>I Cookie sono dei piccoli file di testo che i siti visitati inviano al dispositivo di navigazione utilizzato dall\u2019utente (solitamente un browser). Vengono memorizzati nella corrispondente cartella del browser mentre l\u2019utente \u00e8 intento a visitare un sito web, per essere poi ritrasmessi agli stessi siti alle visite successive.<br>Sono utilizzati allo scopo di migliorare la navigazione, salvare le preferenze utente gi\u00e0 inserite (username, password e simili), tracciare i gusti e le preferenze dell\u2019utente, permettendo di poter gestire iniziative di marketing mirate o l\u2019erogazione di servizi connessi all\u2019attivit\u00e0 del Titolare come newsletter, comunicazioni di servizio sul sito ecc.<br>Qualora venissero poste delle limitazioni sul loro utilizzo, queste avranno degli effetti sulla fruibilit\u00e0 dei contenuti del sito durante la consultazione. \u00c8 sempre possibile per l\u2019utente effettuare il blocco preventivo o la rimozione di essi della cache del browser, ma tali azioni potrebbero causare una incompleta fruizione dei servizi offerti dall\u2019applicativo web.<\/p>\n\n\n\n<p><strong>TIPOLOGIE DI COOKIE:<\/strong><br><strong>Cookie di sessione<\/strong><br>Sono dei file temporanei, che esistono per la sola durata della sessione di navigazione dell\u2019utente. Quando il browser viene chiuso, i Cookie di sessione scadono.<br>Sono in genere utilizzati per identificare gli utenti quando accedono ad un sito, per ricordare l\u2019utente e le sue preferenze nel passaggio fra le pagine del sito, per fornirgli informazioni specifiche raccolte in precedenza.<\/p>\n\n\n\n<p><strong>Cookie persistenti<\/strong><br>Sono dei file che rimangono attivi anche dopo la chiusura del browser e aiutano i siti a ricordare i dati e le impostazioni utente per una successiva consultazione.<br>Questo permette un accesso pi\u00f9 veloce e pi\u00f9 conveniente in termini di tempo dal momento che non \u00e8 necessario effettuare nuovamente l\u2019accesso.<\/p>\n\n\n\n<p><strong>Cookie tecnici<\/strong><br>Alcuni cookie sono indispensabili per il corretto funzionamento del nostro sito Web. Senza di essi l\u2019utente non sarebbe in grado di navigare al suo interno e utilizzare alcune delle sue funzioni. I cookie di questo tipo sono \u201c<strong>tecnici\u201d<\/strong>, ovvero di sessione o permanenti, e permettono di ricordare, da una pagina all\u2019altra del processo di prenotazione, le informazioni fornite dall\u2019utente. Poich\u00e9 questi cookie sono essenziali, disabilitandoli la fruizione dei contenuti del sito potrebbe venire compromessa e risultare impossibile o fortemente limitata.<\/p>\n\n\n\n<p><strong>Cookie di profilazione<\/strong><br>Sono cookie che consentono di creare profili dell\u2019utente al fine di inviare messaggi pubblicitari in linea con le preferenze manifestate dallo stesso nell\u2019ambito della navigazione in rete; per l\u2019utilizzo di questi Cookie \u00e8 richiesto il consenso dell\u2019utente.<br>In linea con le pratiche standard di molti siti web, il sito web www.bananabread.it potrebbe installare sul computer utilizzato dall\u2019utente dei Cookie. Utilizzando il sito, l\u2019utente accetta l\u2019utilizzo delle tecnologie da questi utilizzate, ma gli \u00e8 anche consentito il blocco o l\u2019eliminazione (in tutto o in parte) dei cookie ricevuti.<br>Durante la navigazione nel sito del Titolare potrai inoltre ricevere cookie anche di terze parti, cio\u00e8 cookie provenienti da siti o server di terze parti diversi e quindi diversi da quelli di www.tessutifantasia.com, in particolare:<\/p>\n\n\n\n<p><strong>Google Analytics<\/strong>: \u00e8 un servizio offerto da Google Inc. che genera statistiche dettagliate sul traffico di un sito web e le sorgenti di traffico. \u00c8 il servizio di statistiche pi\u00f9 utilizzato. Google Analytics pu\u00f2 monitorare i visitatori provenienti da tutti i link esterni al sito, tra cui i motori di ricerca e social network, visite dirette e siti di riferimento. Visualizza anche pubblicit\u00e0, pay per click, email marketing, oltre a collegamenti all\u2019interno dei documenti PDF. Per accedere alla relativa informativa:&nbsp;<a href=\"http:\/\/www.google.it\/analytics\/learn\/privacy.html\">http:\/\/www.google.it\/analytics\/learn\/privacy.html<\/a>&nbsp;.<\/p>\n","protected":false},"excerpt":{"rendered":"<p>Cookie policy Per rendere il nostro sito pi\u00f9 facile ed intuitivo facciamo&hellip;<\/p>\n","protected":false},"author":1,"featured_media":0,"parent":0,"menu_order":0,"comment_status":"closed","ping_status":"closed","template":"","meta":{"footnotes":""},"class_list":["post-4296","page","type-page","status-publish","hentry"],"_links":{"self":[{"href":"https:\/\/bananabread.it\/web\/wp-json\/wp\/v2\/pages\/4296","targetHints":{"allow":["GET"]}}],"collection":[{"href":"https:\/\/bananabread.it\/web\/wp-json\/wp\/v2\/pages"}],"about":[{"href":"https:\/\/bananabread.it\/web\/wp-json\/wp\/v2\/types\/page"}],"author":[{"embeddable":true,"href":"https:\/\/bananabread.it\/web\/wp-json\/wp\/v2\/users\/1"}],"replies":[{"embeddable":true,"href":"https:\/\/bananabread.it\/web\/wp-json\/wp\/v2\/comments?post=4296"}],"version-history":[{"count":1,"href":"https:\/\/bananabread.it\/web\/wp-json\/wp\/v2\/pages\/4296\/revisions"}],"predecessor-version":[{"id":4297,"href":"https:\/\/bananabread.it\/web\/wp-json\/wp\/v2\/pages\/4296\/revisions\/4297"}],"wp:attachment":[{"href":"https:\/\/bananabread.it\/web\/wp-json\/wp\/v2\/media?parent=4296"}],"curies":[{"name":"wp","href":"https:\/\/api.w.org\/{rel}","templated":true}]}}